{"id":816,"date":"2025-08-18T12:45:25","date_gmt":"2025-08-18T12:45:25","guid":{"rendered":"https:\/\/esencaninternational.com\/?page_id=816"},"modified":"2025-08-27T08:17:25","modified_gmt":"2025-08-27T08:17:25","slug":"gebelik-okulu","status":"publish","type":"page","link":"https:\/\/esencaninternational.com\/tr\/gebelik-okulu\/","title":{"rendered":"Gebelik Okulu"},"content":{"rendered":"<section class=\"department-hero\">\n\t<div class=\"container\">\n\t\t<div class=\"department-hero__content\">\n\t\t\t<div class=\"department-hero__text\">\n\t\t\t\t<h1 class=\"department-hero__title title\">Gebelik Okulu<\/h1>\n\t\t\t\t<p class=\"department-hero__subtitle subtitle\">\u00d6zel Esencan Hastanesi<\/p>\n\t\t\t\t<div class=\"department-hero__breadcrumb btn\">\n\t\t\t\t\t<span><a href=\"https:\/\/esencaninternational.com\/tr\/\">Anasayfa<\/a><\/span>\t\t\t\t<\/div>\n\t\t\t<\/div>\n\t\t\t<img loading=\"lazy\" decoding=\"async\" width=\"1392\" height=\"254\" src=\"https:\/\/esencaninternational.com\/wp-content\/uploads\/2025\/08\/first-banner.png\" class=\"background-image\" alt=\"\" srcset=\"https:\/\/esencaninternational.com\/wp-content\/uploads\/2025\/08\/first-banner.png 1392w, https:\/\/esencaninternational.com\/wp-content\/uploads\/2025\/08\/first-banner-300x55.png 300w, https:\/\/esencaninternational.com\/wp-content\/uploads\/2025\/08\/first-banner-1024x187.png 1024w, https:\/\/esencaninternational.com\/wp-content\/uploads\/2025\/08\/first-banner-768x140.png 768w\" sizes=\"auto, (max-width: 1392px) 100vw, 1392px\" \/>\t\t\t<img decoding=\"async\" src=\"https:\/\/esencaninternational.com\/wp-content\/themes\/esencan-hastanesi\/assets\/img\/departman-icon.svg\" alt=\"\">\n\t\t<\/div>\n\t<\/div>\n<\/section>\n\n<section class=\"pregnancy-form-section\">\n\t<div class=\"container\">\n\t\t<div class=\"pregnancy-form-layout\">\n\t\t\t<!-- Left Side - Single Image -->\n\t\t\t<div class=\"pregnancy-form__image\">\n\t\t\t\t<img loading=\"lazy\" decoding=\"async\" width=\"459\" height=\"539\" src=\"https:\/\/esencaninternational.com\/wp-content\/uploads\/2025\/08\/gebelik-form.png\" class=\"attachment-full size-full\" alt=\"\" srcset=\"https:\/\/esencaninternational.com\/wp-content\/uploads\/2025\/08\/gebelik-form.png 459w, https:\/\/esencaninternational.com\/wp-content\/uploads\/2025\/08\/gebelik-form-255x300.png 255w\" sizes=\"auto, (max-width: 459px) 100vw, 459px\" \/>\t\t\t<\/div>\n\n\t\t\t<!-- Right Side - Form -->\n\t\t\t<div class=\"pregnancy-form__form\">\n\t\t\t\t<div class=\"form-header\">\n\t\t\t\t\t<p class=\"form-description\">Alan\u0131nda uzman ekibimizin y\u00f6netiminde gebelik okulu e\u011fitimlerimize kat\u0131l\u0131n!<\/p>\n\t\t\t\t\t<h2 class=\"form-title\">Daha rahat bir gebelik ge\u00e7irmeniz i\u00e7in \u00e7al\u0131\u015f\u0131yoruz.<\/h2>\n\t\t\t\t<\/div>\n\t\t\t\t\n<div class=\"wpcf7 no-js\" id=\"wpcf7-f915-o1\" lang=\"tr-TR\" dir=\"ltr\" data-wpcf7-id=\"915\">\n<div class=\"screen-reader-response\"><p role=\"status\" aria-live=\"polite\" aria-atomic=\"true\"><\/p> <ul><\/ul><\/div>\n<form action=\"\/tr\/wp-json\/wp\/v2\/pages\/816#wpcf7-f915-o1\" method=\"post\" class=\"wpcf7-form init\" aria-label=\"\u0130leti\u015fim Formu\" novalidate=\"novalidate\" data-status=\"init\">\n<fieldset class=\"hidden-fields-container\"><input type=\"hidden\" name=\"_wpcf7\" value=\"915\" \/><input type=\"hidden\" name=\"_wpcf7_version\" value=\"6.1.1\" \/><input type=\"hidden\" name=\"_wpcf7_locale\" value=\"tr_TR\" \/><input type=\"hidden\" name=\"_wpcf7_unit_tag\" value=\"wpcf7-f915-o1\" \/><input type=\"hidden\" name=\"_wpcf7_container_post\" value=\"0\" \/><input type=\"hidden\" name=\"_wpcf7_posted_data_hash\" value=\"\" \/>\n<\/fieldset>\n<div class=\"pregnancy-form__field\">\n\t<p><label for=\"Name\" class=\"pregnancy-form__label\">Ad\u0131n\u0131z Soyad\u0131n\u0131z<\/label><br \/>\n<span class=\"wpcf7-form-control-wrap\" data-name=\"your-name\"><input size=\"40\" maxlength=\"400\" class=\"wpcf7-form-control wpcf7-text wpcf7-validates-as-required pregnancy-form__input\" id=\"Name\" aria-required=\"true\" aria-invalid=\"false\" placeholder=\"Ad\u0131n\u0131z Soyad\u0131n\u0131z\" value=\"\" type=\"text\" name=\"your-name\" \/><\/span>\n\t<\/p>\n<\/div>\n<div class=\"pregnancy-form__field\">\n\t<p><label for=\"tel\" class=\"pregnancy-form__label\">Telefon Numaras\u0131<\/label><br \/>\n<span class=\"wpcf7-form-control-wrap\" data-name=\"tel\"><input size=\"40\" maxlength=\"400\" class=\"wpcf7-form-control wpcf7-tel wpcf7-validates-as-required wpcf7-text wpcf7-validates-as-tel pregnancy-form__input\" id=\"tel\" aria-required=\"true\" aria-invalid=\"false\" placeholder=\"Telefon Numaras\u0131\" value=\"\" type=\"tel\" name=\"tel\" \/><\/span>\n\t<\/p>\n<\/div>\n<div class=\"pregnancy-form__consent-item\">\n\t<div class=\"pregnancy-form__checkbox-wrapper\">\n\t\t<p><span class=\"wpcf7-form-control-wrap\" data-name=\"declaration\"><span class=\"wpcf7-form-control wpcf7-checkbox wpcf7-validates-as-required\"><span class=\"wpcf7-list-item first last\"><label><input type=\"checkbox\" name=\"declaration[]\" value=\"Ki\u015fisel Verilerin Korunmas\u0131 Kanunu uyar\u0131nca ilgili \u00e7al\u0131\u015fan adaylar\u0131 ayd\u0131nlatma metnini ve \u00e7al\u0131\u015fan adaylar\u0131n\u0131n ki\u015fisel verilerinin i\u015flenmesine ili\u015fkin a\u00e7\u0131k r\u0131za metnini okudum. Ki\u015fisel verilerimin belirtilen kapsamda i\u015flenmesini ve sa\u011fl\u0131k hizmet sunumu amac\u0131yla taraf\u0131mla ileti\u015fime ge\u00e7ilmesini kabul ediyorum.\" \/><span class=\"wpcf7-list-item-label\">Ki\u015fisel Verilerin Korunmas\u0131 Kanunu uyar\u0131nca ilgili \u00e7al\u0131\u015fan adaylar\u0131 ayd\u0131nlatma metnini ve \u00e7al\u0131\u015fan adaylar\u0131n\u0131n ki\u015fisel verilerinin i\u015flenmesine ili\u015fkin a\u00e7\u0131k r\u0131za metnini okudum. Ki\u015fisel verilerimin belirtilen kapsamda i\u015flenmesini ve sa\u011fl\u0131k hizmet sunumu amac\u0131yla taraf\u0131mla ileti\u015fime ge\u00e7ilmesini kabul ediyorum.<\/span><\/label><\/span><\/span><\/span>\n\t\t<\/p>\n\t<\/div>\n<\/div>\n<div class=\"pregnancy-form__actions\">\n\t<p><input class=\"wpcf7-form-control wpcf7-submit has-spinner pregnancy-form__submit\" type=\"submit\" value=\"Formu G\u00f6nder\" \/>\n\t<\/p>\n<\/div><div class=\"wpcf7-response-output\" aria-hidden=\"true\"><\/div>\n<\/form>\n<\/div>\n\t\t\t<\/div>\n\t\t<\/div>\n\t<\/div>\n<\/section>\n\n<section class=\"mega-text-section\">\n\t<div class=\"container\">\n\t\t<div class=\"mega-text\">\n\t\t\t<h2 class=\"title\">Sa\u011fl\u0131kl\u0131 anne, sa\u011fl\u0131kl\u0131 yenido\u011fanlar, sa\u011fl\u0131kl\u0131 toplum i\u00e7in\u00a0Gebe Okulu\u00a0diyoruz.<\/h2>\n\t\t<\/div>\n\t<\/div>\n<\/section>\n\n<section class=\"page-content-section\">\n\t<div class=\"container\">\n\t\t<div class=\"page-content-field\">\n\t\t\t<div class=\"desc-field\">\n\t\t\t\t<h2 class=\"page-content_title\">Neden Gebe Okulu?<\/h2>\n\t\t\t\t<div class=\"page-content_desc\"><p>\u0130nsan hayat\u0131n\u0131n belki de, en \u00f6nemli deneyimi varolu\u015f mucizesinin ger\u00e7ekle\u015fti\u011fi dokuz ayl\u0131k s\u00fcredir.<br \/>\nBu yolculu\u011fu huzur, sa\u011fl\u0131k ve co\u015fkuyla ge\u00e7irmek her kad\u0131n\u0131n hakk\u0131d\u0131r. Kad\u0131n\u0131n ihtiyac\u0131 olan \u015fey, gebelik, do\u011fum s\u00fcrecinde ve sonras\u0131nda karar almada etkin olmak ve istedi\u011fi do\u011fumu ger\u00e7ekle\u015ftirmektir.<br \/>\nEsencan Hastanesi olarak, kad\u0131nlar\u0131m\u0131z\u0131n ve ailelerinin bilin\u00e7li bir gebelik ,do\u011fum ve lohusal\u0131k s\u00fcreci ya\u015famlar\u0131na katk\u0131da bulunmak, bebeklerimizin hak etti\u011fi bak\u0131m ve \u015fefkatin annesi taraf\u0131ndan verilebilmesini sa\u011flamak hedefimizdir. Bu hedeflere y\u00f6nelik olarak a\u00e7m\u0131\u015f oldu\u011fumuz gebe okulumuzda , gebelerimizi ve ailelerini bilin\u00e7lendirmek ve sa\u011fl\u0131kl\u0131 toplumlar\u0131n temelini atmak i\u00e7in haz\u0131r\u0131z.<\/p>\n<\/div>\n\t\t\t<\/div>\n\t\t\t<div class=\"thumbnail\"><\/div>\n\t\t<\/div>\n\t<\/div>\n<\/section>\n\n<section class=\"education-desc\">\n\t<div class=\"container\">\n\t\t<div class=\"education-desc__grid\">\n\t\t\t\t\t\t\t\t\t<div class=\"education-desc__item box\">\n\n\t\t\t\t\n\t\t\t\t\t\t\t\t<h3 class=\"education-desc__title\">\n\t\t\t\t\tGebelik Okulu Neleri Kaps\u0131yor?\t\t\t\t<\/h3>\n\t\t\t\t\n\t\t\t\t\n\t\t\t<\/div>\n\t\t\t\t\t\t<div class=\"education-desc__item box\">\n\n\t\t\t\t\t\t\t\t<div class=\"education-desc__number title\">\n\t\t\t\t\t01\t\t\t\t<\/div>\n\t\t\t\t\n\t\t\t\t\t\t\t\t<h3 class=\"education-desc__title\">\n\t\t\t\t\tDo\u011fuma\u2028Haz\u0131rl\u0131k\t\t\t\t<\/h3>\n\t\t\t\t\n\t\t\t\t\t\t\t\t<p class=\"education-desc__description\">\n\t\t\t\t\tKonforlu bir \u015fekilde do\u011fuma haz\u0131rlanma\t\t\t\t<\/p>\n\t\t\t\t\n\t\t\t<\/div>\n\t\t\t\t\t\t<div class=\"education-desc__item box\">\n\n\t\t\t\t\t\t\t\t<div class=\"education-desc__number title\">\n\t\t\t\t\t02\t\t\t\t<\/div>\n\t\t\t\t\n\t\t\t\t\t\t\t\t<h3 class=\"education-desc__title\">\n\t\t\t\t\t\u00d6zel\u2028Egzersizler\t\t\t\t<\/h3>\n\t\t\t\t\n\t\t\t\t\t\t\t\t<p class=\"education-desc__description\">\n\t\t\t\t\tGebelere \u00f6zel egzersiz uygulamalar\u0131\t\t\t\t<\/p>\n\t\t\t\t\n\t\t\t<\/div>\n\t\t\t\t\t\t<div class=\"education-desc__item box\">\n\n\t\t\t\t\t\t\t\t<div class=\"education-desc__number title\">\n\t\t\t\t\t03\t\t\t\t<\/div>\n\t\t\t\t\n\t\t\t\t\t\t\t\t<h3 class=\"education-desc__title\">\n\t\t\t\t\tDo\u011fum\u2028Y\u00f6ntemleri\t\t\t\t<\/h3>\n\t\t\t\t\n\t\t\t\t\t\t\t\t<p class=\"education-desc__description\">\n\t\t\t\t\tDo\u011fumda uygulanabilecek m\u00fcdahaleler\t\t\t\t<\/p>\n\t\t\t\t\n\t\t\t<\/div>\n\t\t\t\t\t\t<div class=\"education-desc__item box\">\n\n\t\t\t\t\t\t\t\t<div class=\"education-desc__number title\">\n\t\t\t\t\t04\t\t\t\t<\/div>\n\t\t\t\t\n\t\t\t\t\t\t\t\t<h3 class=\"education-desc__title\">\n\t\t\t\t\tEmzirme\u2028Teknikleri\t\t\t\t<\/h3>\n\t\t\t\t\n\t\t\t\t\t\t\t\t<p class=\"education-desc__description\">\n\t\t\t\t\tDo\u011fru ve sa\u011fl\u0131kl\u0131 emzirme teknikleri\t\t\t\t<\/p>\n\t\t\t\t\n\t\t\t<\/div>\n\t\t\t\t\t\t<div class=\"education-desc__item box\">\n\n\t\t\t\t\t\t\t\t<div class=\"education-desc__number title\">\n\t\t\t\t\t05\t\t\t\t<\/div>\n\t\t\t\t\n\t\t\t\t\t\t\t\t<h3 class=\"education-desc__title\">\n\t\t\t\t\tBebek\u2028Bak\u0131m\u0131\t\t\t\t<\/h3>\n\t\t\t\t\n\t\t\t\t\t\t\t\t<p class=\"education-desc__description\">\n\t\t\t\t\tDo\u011fru bebek bak\u0131m\u0131 uygulamalar\u0131\t\t\t\t<\/p>\n\t\t\t\t\n\t\t\t<\/div>\n\t\t\t\t\t\t\t\t<\/div>\n\t<\/div>\n<\/section>\n\n<section class=\"section-video\">\n\t<div class=\"container\">\n\t\t<div class=\"video-banner\">\n\t\t\t<h2 class=\"mega-title\">Gebelik Okulu E\u011fitim Seti<\/h2>\n\t\t\t<div class=\"video-wrapper\">\n\t\t\t\t<div class=\"video-right-area\">\n\t\t\t\t\t<div class=\"title-field\">\n\t\t\t\t\t\t<h4>\u00d6zel Esencan Hastanesi<\/h4>\n\t\t\t\t\t\t<span class=\"video-count title\">7 Video<\/span>\n\t\t\t\t\t<\/div>\n\t\t\t\t\t<div class=\"video-field\">\n\t\t\t\t\t\t\t\t\t\t\t\t<div class=\"video-item active\" data-link=\"https:\/\/www.youtube.com\/embed\/zKk4_tNXFr0?si=SRBQMTWYWIGAZiTS\">\n\t\t\t\t\t\t\t<div class=\"img-wrapper\">\n\t\t\t\t\t\t\t\t<img loading=\"lazy\" decoding=\"async\" width=\"720\" height=\"404\" src=\"https:\/\/esencaninternational.com\/wp-content\/uploads\/2025\/08\/esencan-1.avif\" class=\"attachment-full size-full\" alt=\"\" srcset=\"https:\/\/esencaninternational.com\/wp-content\/uploads\/2025\/08\/esencan-1.avif 720w, https:\/\/esencaninternational.com\/wp-content\/uploads\/2025\/08\/esencan-1-300x168.avif 300w\" sizes=\"auto, (max-width: 720px) 100vw, 720px\" \/>\t\t\t\t\t\t\t<\/div>\n\t\t\t\t\t\t\t<div class=\"video-title\">\n\t\t\t\t\t\t\t\tBa\u015fl\u0131k 1\t\t\t\t\t\t\t<\/div>\n\t\t\t\t\t\t\t<div class=\"duration\">\n\t\t\t\t\t\t\t\t2:53\t\t\t\t\t\t\t<\/div>\n\t\t\t\t\t\t<\/div>\n\t\t\t\t\t\t\t\t\t\t\t\t<div class=\"video-item \" data-link=\"https:\/\/www.youtube.com\/embed\/1lDUVHZzsP8?si=1KvmxUeUF0wNHUuJ\">\n\t\t\t\t\t\t\t<div class=\"img-wrapper\">\n\t\t\t\t\t\t\t\t<img loading=\"lazy\" decoding=\"async\" width=\"720\" height=\"404\" src=\"https:\/\/esencaninternational.com\/wp-content\/uploads\/2025\/08\/hq720.avif\" class=\"attachment-full size-full\" alt=\"\" srcset=\"https:\/\/esencaninternational.com\/wp-content\/uploads\/2025\/08\/hq720.avif 720w, https:\/\/esencaninternational.com\/wp-content\/uploads\/2025\/08\/hq720-300x168.avif 300w\" sizes=\"auto, (max-width: 720px) 100vw, 720px\" \/>\t\t\t\t\t\t\t<\/div>\n\t\t\t\t\t\t\t<div class=\"video-title\">\n\t\t\t\t\t\t\t\tGenital Estetik Nedir? | \u00d6zel Esencan Hastanesi Uzman\u0131ndan Bilgiler\t\t\t\t\t\t\t<\/div>\n\t\t\t\t\t\t\t<div class=\"duration\">\n\t\t\t\t\t\t\t\t1:12\t\t\t\t\t\t\t<\/div>\n\t\t\t\t\t\t<\/div>\n\t\t\t\t\t\t\t\t\t\t\t\t<div class=\"video-item \" data-link=\"https:\/\/www.youtube.com\/embed\/VjCi1hsIMvE?si=5GgqV-ZmuLam-C0f\">\n\t\t\t\t\t\t\t<div class=\"img-wrapper\">\n\t\t\t\t\t\t\t\t<img loading=\"lazy\" decoding=\"async\" width=\"720\" height=\"404\" src=\"https:\/\/esencaninternational.com\/wp-content\/uploads\/2025\/08\/2.avif\" class=\"attachment-full size-full\" alt=\"\" srcset=\"https:\/\/esencaninternational.com\/wp-content\/uploads\/2025\/08\/2.avif 720w, https:\/\/esencaninternational.com\/wp-content\/uploads\/2025\/08\/2-300x168.avif 300w\" sizes=\"auto, (max-width: 720px) 100vw, 720px\" \/>\t\t\t\t\t\t\t<\/div>\n\t\t\t\t\t\t\t<div class=\"video-title\">\n\t\t\t\t\t\t\t\t Covid 19 Aileyi Etkiler mi? Uzm.Dr.Murat Aslan-\u00d6zel Esencan Hastanesi\t\t\t\t\t\t\t<\/div>\n\t\t\t\t\t\t\t<div class=\"duration\">\n\t\t\t\t\t\t\t\t1:22\t\t\t\t\t\t\t<\/div>\n\t\t\t\t\t\t<\/div>\n\t\t\t\t\t\t\t\t\t\t\t\t<div class=\"video-item \" data-link=\"https:\/\/www.youtube.com\/embed\/0GuM-LzwGIw?si=re2s5udfwU0JiDd-\">\n\t\t\t\t\t\t\t<div class=\"img-wrapper\">\n\t\t\t\t\t\t\t\t<img loading=\"lazy\" decoding=\"async\" width=\"336\" height=\"188\" src=\"https:\/\/esencaninternational.com\/wp-content\/uploads\/2025\/08\/hqdefault.avif\" class=\"attachment-full size-full\" alt=\"\" srcset=\"https:\/\/esencaninternational.com\/wp-content\/uploads\/2025\/08\/hqdefault.avif 336w, https:\/\/esencaninternational.com\/wp-content\/uploads\/2025\/08\/hqdefault-300x168.avif 300w\" sizes=\"auto, (max-width: 336px) 100vw, 336px\" \/>\t\t\t\t\t\t\t<\/div>\n\t\t\t\t\t\t\t<div class=\"video-title\">\n\t\t\t\t\t\t\t\t16.B\u00f6l\u00fcm &#8211; Ya\u015fam Kayna\u011f\u0131m\u0131z Nefes | \u00d6zel Esencan Hastanesi\t\t\t\t\t\t\t<\/div>\n\t\t\t\t\t\t\t<div class=\"duration\">\n\t\t\t\t\t\t\t\t9:57\t\t\t\t\t\t\t<\/div>\n\t\t\t\t\t\t<\/div>\n\t\t\t\t\t\t\t\t\t\t\t\t<div class=\"video-item \" data-link=\"https:\/\/www.youtube.com\/embed\/4M98VQTRU4s?si=5k8hr7Du8u475uze\">\n\t\t\t\t\t\t\t<div class=\"img-wrapper\">\n\t\t\t\t\t\t\t\t<img loading=\"lazy\" decoding=\"async\" width=\"336\" height=\"188\" src=\"https:\/\/esencaninternational.com\/wp-content\/uploads\/2025\/08\/hqdefault-1.avif\" class=\"attachment-full size-full\" alt=\"\" srcset=\"https:\/\/esencaninternational.com\/wp-content\/uploads\/2025\/08\/hqdefault-1.avif 336w, https:\/\/esencaninternational.com\/wp-content\/uploads\/2025\/08\/hqdefault-1-300x168.avif 300w\" sizes=\"auto, (max-width: 336px) 100vw, 336px\" \/>\t\t\t\t\t\t\t<\/div>\n\t\t\t\t\t\t\t<div class=\"video-title\">\n\t\t\t\t\t\t\t\t 20.B\u00f6l\u00fcm &#8211; Do\u011fumda Uygulanabilecek M\u00fcdahaleler | \u00d6zel Esencan Hastanesi\t\t\t\t\t\t\t<\/div>\n\t\t\t\t\t\t\t<div class=\"duration\">\n\t\t\t\t\t\t\t\t5:22\t\t\t\t\t\t\t<\/div>\n\t\t\t\t\t\t<\/div>\n\t\t\t\t\t\t\t\t\t\t\t\t<div class=\"video-item \" data-link=\"https:\/\/www.youtube.com\/embed\/0JF9djwlWeM?si=zSUDeac56QBvvIfh\">\n\t\t\t\t\t\t\t<div class=\"img-wrapper\">\n\t\t\t\t\t\t\t\t<img loading=\"lazy\" decoding=\"async\" width=\"336\" height=\"188\" src=\"https:\/\/esencaninternational.com\/wp-content\/uploads\/2025\/08\/hqdefault.avif\" class=\"attachment-full size-full\" alt=\"\" srcset=\"https:\/\/esencaninternational.com\/wp-content\/uploads\/2025\/08\/hqdefault.avif 336w, https:\/\/esencaninternational.com\/wp-content\/uploads\/2025\/08\/hqdefault-300x168.avif 300w\" sizes=\"auto, (max-width: 336px) 100vw, 336px\" \/>\t\t\t\t\t\t\t<\/div>\n\t\t\t\t\t\t\t<div class=\"video-title\">\n\t\t\t\t\t\t\t\t17.B\u00f6l\u00fcm &#8211; Do\u011fal Do\u011fumu Destekleyen Uygulamalar | \u00d6zel Esencan Hastanesi\t\t\t\t\t\t\t<\/div>\n\t\t\t\t\t\t\t<div class=\"duration\">\n\t\t\t\t\t\t\t\t13:33\t\t\t\t\t\t\t<\/div>\n\t\t\t\t\t\t<\/div>\n\t\t\t\t\t\t\t\t\t\t\t\t<div class=\"video-item \" data-link=\"https:\/\/www.youtube.com\/embed\/jZi4KfDPX84?si=dTyXiltvyZOx_0n_\">\n\t\t\t\t\t\t\t<div class=\"img-wrapper\">\n\t\t\t\t\t\t\t\t<img loading=\"lazy\" decoding=\"async\" width=\"336\" height=\"188\" src=\"https:\/\/esencaninternational.com\/wp-content\/uploads\/2025\/08\/hqdefault.avif\" class=\"attachment-full size-full\" alt=\"\" srcset=\"https:\/\/esencaninternational.com\/wp-content\/uploads\/2025\/08\/hqdefault.avif 336w, https:\/\/esencaninternational.com\/wp-content\/uploads\/2025\/08\/hqdefault-300x168.avif 300w\" sizes=\"auto, (max-width: 336px) 100vw, 336px\" \/>\t\t\t\t\t\t\t<\/div>\n\t\t\t\t\t\t\t<div class=\"video-title\">\n\t\t\t\t\t\t\t\t2.B\u00f6l\u00fcm &#8211; Gebeli\u011fin Olu\u015fumu ve \u00dcreme Organlar\u0131 | \u00d6zel Esencan Hastanesi\t\t\t\t\t\t\t<\/div>\n\t\t\t\t\t\t\t<div class=\"duration\">\n\t\t\t\t\t\t\t\t4:18\t\t\t\t\t\t\t<\/div>\n\t\t\t\t\t\t<\/div>\n\t\t\t\t\t\t\t\t\t\t\t<\/div>\n\t\t\t\t<\/div>\n\t\t\t\t<div class=\"video-left-area\">\n\t\t\t\t\t<iframe frameborder=\"0\" allowfullscreen=\"\" allow=\"accelerometer; autoplay; clipboard-write; encrypted-media; gyroscope; picture-in-picture; web-share\" referrerpolicy=\"strict-origin-when-cross-origin\" src=\"https:\/\/www.youtube.com\/embed\/zKk4_tNXFr0?si=SRBQMTWYWIGAZiTS\"><\/iframe>\n\t\t\t\t<\/div>\n\t\t\t<\/div>\n\t\t<\/div>\n\t<\/div>\n<\/section>","protected":false},"excerpt":{"rendered":"","protected":false},"author":1,"featured_media":0,"parent":0,"menu_order":0,"comment_status":"closed","ping_status":"closed","template":"","meta":{"inline_featured_image":false,"footnotes":""},"class_list":["post-816","page","type-page","status-publish","hentry"],"acf":[],"_links":{"self":[{"href":"https:\/\/esencaninternational.com\/tr\/wp-json\/wp\/v2\/pages\/816","targetHints":{"allow":["GET"]}}],"collection":[{"href":"https:\/\/esencaninternational.com\/tr\/wp-json\/wp\/v2\/pages"}],"about":[{"href":"https:\/\/esencaninternational.com\/tr\/wp-json\/wp\/v2\/types\/page"}],"author":[{"embeddable":true,"href":"https:\/\/esencaninternational.com\/tr\/wp-json\/wp\/v2\/users\/1"}],"replies":[{"embeddable":true,"href":"https:\/\/esencaninternational.com\/tr\/wp-json\/wp\/v2\/comments?post=816"}],"version-history":[{"count":15,"href":"https:\/\/esencaninternational.com\/tr\/wp-json\/wp\/v2\/pages\/816\/revisions"}],"predecessor-version":[{"id":1807,"href":"https:\/\/esencaninternational.com\/tr\/wp-json\/wp\/v2\/pages\/816\/revisions\/1807"}],"wp:attachment":[{"href":"https:\/\/esencaninternational.com\/tr\/wp-json\/wp\/v2\/media?parent=816"}],"curies":[{"name":"wp","href":"https:\/\/api.w.org\/{rel}","templated":true}]}}